{"id":108,"date":"2022-04-26T18:33:35","date_gmt":"2022-04-26T16:33:35","guid":{"rendered":"https:\/\/locationvacancesdeauville.com\/?page_id=108"},"modified":"2022-09-05T08:08:42","modified_gmt":"2022-09-05T06:08:42","slug":"nos-services-location-maison-sur-deauville-trouville-sur-mer-avec-piscine-chauffee-tennis-tennis-de-table-petanque","status":"publish","type":"page","link":"https:\/\/locationvacancesdeauville.com\/index.php\/nos-services-location-maison-sur-deauville-trouville-sur-mer-avec-piscine-chauffee-tennis-tennis-de-table-petanque\/","title":{"rendered":"Nos services"},"content":{"rendered":"\n<h2 class=\"wp-block-heading\">LA PISCINE<\/h2>\n\n\n\n<p>Nos Services # 1 \/ LA PISCINE DU DOMAINE EST <strong>RESERVEE AUX RESIDENTS DE LA COPROPRIETE<\/strong>. Elle est chauff\u00e9e \u00e0 28\u00b0. Pour l&rsquo;ann\u00e9e 2022, la piscine sera ouverte du 20 juin au 6 septembre. (Modification possible en fonction de l&rsquo;actualit\u00e9 COVID). A votre arriv\u00e9e, vous aurez les badges pour acc\u00e9der \u00e0 la piscine. En cas de d\u00e9faillance pour raisons techniques, ind\u00e9pendant de ma volont\u00e9, les h\u00f4tes ne pourront demander aucuns dommages et int\u00e9r\u00eats<\/p>\n\n\n\n<div class=\"wp-block-columns is-layout-flex wp-container-core-columns-is-layout-9d6595d7 wp-block-columns-is-layout-flex\">\n<div class=\"wp-block-column is-vertically-aligned-bottom is-layout-flow wp-block-column-is-layout-flow\" style=\"flex-basis:100%\">\n<div class=\"wp-block-group\"><div class=\"wp-block-group__inner-container is-layout-flow wp-block-group-is-layout-flow\">\n<div class=\"wp-block-columns are-vertically-aligned-center is-layout-flex wp-container-core-columns-is-layout-9d6595d7 wp-block-columns-is-layout-flex\">\n<div class=\"wp-block-column is-vertically-aligned-center is-layout-flow wp-block-column-is-layout-flow\" style=\"flex-basis:100%\">\n<figure class=\"wp-block-gallery has-nested-images columns-default is-cropped wp-block-gallery-1 is-layout-flex wp-block-gallery-is-layout-flex\">\n<figure class=\"wp-block-image size-large\"><img loading=\"lazy\" decoding=\"async\" width=\"1024\" height=\"768\" data-id=\"32\" src=\"https:\/\/locationvacancesdeauville.com\/wp-content\/uploads\/2022\/04\/261932264.jpg\" alt=\"location vacances Deauville Trouville avec piscine chauff\u00e9e. \" class=\"wp-image-32\" srcset=\"https:\/\/locationvacancesdeauville.com\/wp-content\/uploads\/2022\/04\/261932264.jpg 1024w, https:\/\/locationvacancesdeauville.com\/wp-content\/uploads\/2022\/04\/261932264-300x225.jpg 300w, https:\/\/locationvacancesdeauville.com\/wp-content\/uploads\/2022\/04\/261932264-768x576.jpg 768w\" sizes=\"auto, (max-width: 1024px) 100vw, 1024px\" \/><\/figure>\n\n\n\n<figure class=\"wp-block-image size-large\"><img loading=\"lazy\" decoding=\"async\" width=\"576\" height=\"768\" data-id=\"33\" src=\"https:\/\/locationvacancesdeauville.com\/wp-content\/uploads\/2022\/04\/261932622.jpg\" alt=\"location vacances Deauville Trouville avec piscine chauff\u00e9e. \" class=\"wp-image-33\" srcset=\"https:\/\/locationvacancesdeauville.com\/wp-content\/uploads\/2022\/04\/261932622.jpg 576w, https:\/\/locationvacancesdeauville.com\/wp-content\/uploads\/2022\/04\/261932622-225x300.jpg 225w\" sizes=\"auto, (max-width: 576px) 100vw, 576px\" \/><\/figure>\n\n\n\n<figure class=\"wp-block-image size-large\"><img loading=\"lazy\" decoding=\"async\" width=\"1024\" height=\"768\" data-id=\"31\" src=\"https:\/\/locationvacancesdeauville.com\/wp-content\/uploads\/2022\/04\/261932174.jpg\" alt=\"location vacances Deauville Trouville avec piscine chauff\u00e9e. \" class=\"wp-image-31\" srcset=\"https:\/\/locationvacancesdeauville.com\/wp-content\/uploads\/2022\/04\/261932174.jpg 1024w, https:\/\/locationvacancesdeauville.com\/wp-content\/uploads\/2022\/04\/261932174-300x225.jpg 300w, https:\/\/locationvacancesdeauville.com\/wp-content\/uploads\/2022\/04\/261932174-768x576.jpg 768w\" sizes=\"auto, (max-width: 1024px) 100vw, 1024px\" \/><\/figure>\n<\/figure>\n<\/div>\n<\/div>\n<\/div><\/div>\n<\/div>\n<\/div>\n\n\n\n<h2 class=\"wp-block-heading\">LE TENNIS<\/h2>\n\n\n\n<p>Nos Services # 2 \/  Le tennis est accessible toute l&rsquo;ann\u00e9e. Acc\u00e8s gratuit.  Quant au tennis, nul besoin de r\u00e9server, vous pouvez vous rendre sur le court de 9 H 00 \u00e0 21 H 00. Il est juste en face de la maison. Hyper pratique (Attention au verrouillage instantan\u00e9 apr\u00e8s 21 H 00). Pour le tennis, 4 raquettes seront mises \u00e0 votre disposition. <\/p>\n\n\n\n<figure class=\"wp-block-image alignwide size-full is-style-rounded\"><img loading=\"lazy\" decoding=\"async\" width=\"1912\" height=\"2560\" src=\"https:\/\/locationvacancesdeauville.com\/wp-content\/uploads\/2022\/05\/IMG_5843-scaled.jpg\" alt=\"tennis Deauville\" class=\"wp-image-510\" srcset=\"https:\/\/locationvacancesdeauville.com\/wp-content\/uploads\/2022\/05\/IMG_5843-scaled.jpg 1912w, https:\/\/locationvacancesdeauville.com\/wp-content\/uploads\/2022\/05\/IMG_5843-224x300.jpg 224w, https:\/\/locationvacancesdeauville.com\/wp-content\/uploads\/2022\/05\/IMG_5843-765x1024.jpg 765w, https:\/\/locationvacancesdeauville.com\/wp-content\/uploads\/2022\/05\/IMG_5843-768x1028.jpg 768w, https:\/\/locationvacancesdeauville.com\/wp-content\/uploads\/2022\/05\/IMG_5843-1147x1536.jpg 1147w, https:\/\/locationvacancesdeauville.com\/wp-content\/uploads\/2022\/05\/IMG_5843-1530x2048.jpg 1530w\" sizes=\"auto, (max-width: 1912px) 100vw, 1912px\" \/><figcaption>court de tennis r\u00e9sidence du Yearling<\/figcaption><\/figure>\n\n\n\n<h2 class=\"wp-block-heading\">LES +++ DU DOMAINE<\/h2>\n\n\n\n<p>Une aire de p\u00e9tanques et une table de tennis sont accessibles au sein de la r\u00e9sidence. Les raquettes de tennis de table et boules de p\u00e9tanque sont disponibles \u00e9galement. Une aire de jeux pour enfants \u00e0 l&rsquo;ext\u00e9rieur du domaine \u00e0 100 m\u00e8tre du domaine compl\u00e8te les possibilit\u00e9s d&rsquo;activit\u00e9s.<\/p>\n\n\n\n<h2 class=\"wp-block-heading\">LE PARKING<\/h2>\n\n\n\n<p><strong>Le parking<\/strong> : vous disposez d&rsquo;un garage ferm\u00e9 ainsi que d&rsquo;une place devant la maison. Si  troisi\u00e8me v\u00e9hicule, des places \u00e0 l\u2019ext\u00e9rieur de la r\u00e9sidence sont disponibles et gratuites. <strong>Attention au sein du domaine, les places sont num\u00e9rot\u00e9es et r\u00e9serv\u00e9es. Leur utilisation n&rsquo;est pas autoris\u00e9e. <\/strong><\/p>\n\n\n\n<h2 class=\"wp-block-heading\">NOS AMIS LES CHIENS<\/h2>\n\n\n\n<p>Nos amis les chiens sont accept\u00e9s sur demande. <\/p>\n\n\n\n<figure class=\"wp-block-gallery has-nested-images columns-default is-cropped wp-block-gallery-2 is-layout-flex wp-block-gallery-is-layout-flex\">\n<figure class=\"wp-block-image size-large is-style-default\"><img loading=\"lazy\" decoding=\"async\" width=\"1600\" height=\"1200\" data-id=\"159\" src=\"https:\/\/locationvacancesdeauville.com\/wp-content\/uploads\/2022\/04\/IMG_20191230_170125.jpg\" alt=\"chien accept\u00e9 location Deauville Trouville sur Mer\" class=\"wp-image-159\" srcset=\"https:\/\/locationvacancesdeauville.com\/wp-content\/uploads\/2022\/04\/IMG_20191230_170125.jpg 1600w, https:\/\/locationvacancesdeauville.com\/wp-content\/uploads\/2022\/04\/IMG_20191230_170125-300x225.jpg 300w, https:\/\/locationvacancesdeauville.com\/wp-content\/uploads\/2022\/04\/IMG_20191230_170125-1024x768.jpg 1024w, https:\/\/locationvacancesdeauville.com\/wp-content\/uploads\/2022\/04\/IMG_20191230_170125-768x576.jpg 768w, https:\/\/locationvacancesdeauville.com\/wp-content\/uploads\/2022\/04\/IMG_20191230_170125-1536x1152.jpg 1536w\" sizes=\"auto, (max-width: 1600px) 100vw, 1600px\" \/><\/figure>\n\n\n\n<figure class=\"wp-block-image size-large is-style-default\"><img loading=\"lazy\" decoding=\"async\" width=\"751\" height=\"1280\" data-id=\"146\" src=\"https:\/\/locationvacancesdeauville.com\/wp-content\/uploads\/2022\/04\/IMG_20190213_095443.png\" alt=\"chien accept\u00e9 location Deauville Trouville sur Mer\" class=\"wp-image-146\" srcset=\"https:\/\/locationvacancesdeauville.com\/wp-content\/uploads\/2022\/04\/IMG_20190213_095443.png 751w, https:\/\/locationvacancesdeauville.com\/wp-content\/uploads\/2022\/04\/IMG_20190213_095443-176x300.png 176w, https:\/\/locationvacancesdeauville.com\/wp-content\/uploads\/2022\/04\/IMG_20190213_095443-601x1024.png 601w\" sizes=\"auto, (max-width: 751px) 100vw, 751px\" \/><\/figure>\n\n\n\n<figure class=\"wp-block-image size-large is-style-default\"><img loading=\"lazy\" decoding=\"async\" width=\"1280\" height=\"960\" data-id=\"122\" src=\"https:\/\/locationvacancesdeauville.com\/wp-content\/uploads\/2022\/04\/EFFECTS.png\" alt=\"chien accept\u00e9 location Deauville Trouville sur Mer\" class=\"wp-image-122\" srcset=\"https:\/\/locationvacancesdeauville.com\/wp-content\/uploads\/2022\/04\/EFFECTS.png 1280w, https:\/\/locationvacancesdeauville.com\/wp-content\/uploads\/2022\/04\/EFFECTS-300x225.png 300w, https:\/\/locationvacancesdeauville.com\/wp-content\/uploads\/2022\/04\/EFFECTS-1024x768.png 1024w, https:\/\/locationvacancesdeauville.com\/wp-content\/uploads\/2022\/04\/EFFECTS-768x576.png 768w\" sizes=\"auto, (max-width: 1280px) 100vw, 1280px\" \/><\/figure>\n\n\n\n<figure class=\"wp-block-image size-large is-style-default\"><img loading=\"lazy\" decoding=\"async\" width=\"206\" height=\"206\" data-id=\"66\" src=\"https:\/\/locationvacancesdeauville.com\/wp-content\/uploads\/2022\/04\/100602513_140883620872890_5180308360926330880_n.jpg\" alt=\"chien accept\u00e9 location Deauville Trouville sur Mer\" class=\"wp-image-66\" srcset=\"https:\/\/locationvacancesdeauville.com\/wp-content\/uploads\/2022\/04\/100602513_140883620872890_5180308360926330880_n.jpg 206w, https:\/\/locationvacancesdeauville.com\/wp-content\/uploads\/2022\/04\/100602513_140883620872890_5180308360926330880_n-150x150.jpg 150w\" sizes=\"auto, (max-width: 206px) 100vw, 206px\" \/><\/figure>\n\n\n\n<figure class=\"wp-block-image size-large is-style-default\"><img loading=\"lazy\" decoding=\"async\" width=\"206\" height=\"206\" data-id=\"74\" src=\"https:\/\/locationvacancesdeauville.com\/wp-content\/uploads\/2022\/04\/186235862_315268790101038_3207117411189034892_n.jpg\" alt=\"chien accept\u00e9 location Deauville Trouville sur Mer\" class=\"wp-image-74\" srcset=\"https:\/\/locationvacancesdeauville.com\/wp-content\/uploads\/2022\/04\/186235862_315268790101038_3207117411189034892_n.jpg 206w, https:\/\/locationvacancesdeauville.com\/wp-content\/uploads\/2022\/04\/186235862_315268790101038_3207117411189034892_n-150x150.jpg 150w\" sizes=\"auto, (max-width: 206px) 100vw, 206px\" \/><\/figure>\n\n\n\n<figure class=\"wp-block-image size-large is-style-default\"><img loading=\"lazy\" decoding=\"async\" width=\"1600\" height=\"1067\" data-id=\"94\" src=\"https:\/\/locationvacancesdeauville.com\/wp-content\/uploads\/2022\/04\/IMG_4737.jpg\" alt=\"location vacances deauville trouville chien accept\u00e9\" class=\"wp-image-94\" srcset=\"https:\/\/locationvacancesdeauville.com\/wp-content\/uploads\/2022\/04\/IMG_4737.jpg 1600w, https:\/\/locationvacancesdeauville.com\/wp-content\/uploads\/2022\/04\/IMG_4737-300x200.jpg 300w, https:\/\/locationvacancesdeauville.com\/wp-content\/uploads\/2022\/04\/IMG_4737-1024x683.jpg 1024w, https:\/\/locationvacancesdeauville.com\/wp-content\/uploads\/2022\/04\/IMG_4737-768x512.jpg 768w, https:\/\/locationvacancesdeauville.com\/wp-content\/uploads\/2022\/04\/IMG_4737-1536x1024.jpg 1536w\" sizes=\"auto, (max-width: 1600px) 100vw, 1600px\" \/><\/figure>\n<\/figure>\n","protected":false},"excerpt":{"rendered":"<p>LA PISCINE Nos Services # 1 \/ LA PISCINE DU DOMAINE EST RESERVEE AUX RESIDENTS DE LA COPROPRIETE. Elle est chauff\u00e9e \u00e0 28\u00b0. Pour l&rsquo;ann\u00e9e 2022, la piscine sera ouverte du 20 juin au 6 septembre. (Modification possible en fonction de l&rsquo;actualit\u00e9 COVID). A votre arriv\u00e9e, vous aurez les badges pour acc\u00e9der \u00e0 la piscine. &hellip; <\/p>\n<p class=\"link-more\"><a href=\"https:\/\/locationvacancesdeauville.com\/index.php\/nos-services-location-maison-sur-deauville-trouville-sur-mer-avec-piscine-chauffee-tennis-tennis-de-table-petanque\/\" class=\"more-link\">Lire la suite de<span class=\"screen-reader-text\">\u00ab\u00a0Nos services\u00a0\u00bb<\/span><\/a><\/p>\n","protected":false},"author":1,"featured_media":0,"parent":0,"menu_order":0,"comment_status":"closed","ping_status":"closed","template":"","meta":{"_uag_custom_page_level_css":"","footnotes":""},"class_list":["post-108","page","type-page","status-publish","hentry"],"yoast_head":"<!-- This site is optimized with the Yoast SEO plugin v24.4 - https:\/\/yoast.com\/wordpress\/plugins\/seo\/ -->\n<title>Nos services - CHARMANTE PETITE VILLA SUR DEAUVILLE TROUVILLE<\/title>\n<meta name=\"description\" content=\"Nos services, location maison sur Deauville Trouville Sur Mer avec piscine chauff\u00e9e, tennis, tennis de table, p\u00e9tanque, chien accept\u00e9.\" \/>\n<meta name=\"robots\" content=\"index, follow, max-snippet:-1, max-image-preview:large, max-video-preview:-1\" \/>\n<link rel=\"canonical\" href=\"https:\/\/locationvacancesdeauville.com\/index.php\/nos-services-location-maison-sur-deauville-trouville-sur-mer-avec-piscine-chauffee-tennis-tennis-de-table-petanque\/\" \/>\n<meta property=\"og:locale\" content=\"fr_FR\" \/>\n<meta property=\"og:type\" content=\"article\" \/>\n<meta property=\"og:title\" content=\"Nos services - CHARMANTE PETITE VILLA SUR DEAUVILLE TROUVILLE\" \/>\n<meta property=\"og:description\" content=\"Nos services, location maison sur Deauville Trouville Sur Mer avec piscine chauff\u00e9e, tennis, tennis de table, p\u00e9tanque, chien accept\u00e9.\" \/>\n<meta property=\"og:url\" content=\"https:\/\/locationvacancesdeauville.com\/index.php\/nos-services-location-maison-sur-deauville-trouville-sur-mer-avec-piscine-chauffee-tennis-tennis-de-table-petanque\/\" \/>\n<meta property=\"og:site_name\" content=\"CHARMANTE PETITE VILLA SUR DEAUVILLE TROUVILLE\" \/>\n<meta property=\"article:publisher\" content=\"https:\/\/www.facebook.com\/people\/Charmante-petite-Villa-sur-Deauville-Trouville-sur-Mer\/\" \/>\n<meta property=\"article:modified_time\" content=\"2022-09-05T06:08:42+00:00\" \/>\n<meta property=\"og:image\" content=\"https:\/\/locationvacancesdeauville.com\/wp-content\/uploads\/2022\/04\/261932264.jpg\" \/>\n<meta name=\"twitter:card\" content=\"summary_large_image\" \/>\n<meta name=\"twitter:label1\" content=\"Dur\u00e9e de lecture estim\u00e9e\" \/>\n\t<meta name=\"twitter:data1\" content=\"4 minutes\" \/>\n<script type=\"application\/ld+json\" class=\"yoast-schema-graph\">{\"@context\":\"https:\/\/schema.org\",\"@graph\":[{\"@type\":\"WebPage\",\"@id\":\"https:\/\/locationvacancesdeauville.com\/index.php\/nos-services-location-maison-sur-deauville-trouville-sur-mer-avec-piscine-chauffee-tennis-tennis-de-table-petanque\/\",\"url\":\"https:\/\/locationvacancesdeauville.com\/index.php\/nos-services-location-maison-sur-deauville-trouville-sur-mer-avec-piscine-chauffee-tennis-tennis-de-table-petanque\/\",\"name\":\"Nos services - CHARMANTE PETITE VILLA SUR DEAUVILLE TROUVILLE\",\"isPartOf\":{\"@id\":\"https:\/\/locationvacancesdeauville.com\/#website\"},\"primaryImageOfPage\":{\"@id\":\"https:\/\/locationvacancesdeauville.com\/index.php\/nos-services-location-maison-sur-deauville-trouville-sur-mer-avec-piscine-chauffee-tennis-tennis-de-table-petanque\/#primaryimage\"},\"image\":{\"@id\":\"https:\/\/locationvacancesdeauville.com\/index.php\/nos-services-location-maison-sur-deauville-trouville-sur-mer-avec-piscine-chauffee-tennis-tennis-de-table-petanque\/#primaryimage\"},\"thumbnailUrl\":\"https:\/\/locationvacancesdeauville.com\/wp-content\/uploads\/2022\/04\/261932264.jpg\",\"datePublished\":\"2022-04-26T16:33:35+00:00\",\"dateModified\":\"2022-09-05T06:08:42+00:00\",\"description\":\"Nos services, location maison sur Deauville Trouville Sur Mer avec piscine chauff\u00e9e, tennis, tennis de table, p\u00e9tanque, chien accept\u00e9.\",\"breadcrumb\":{\"@id\":\"https:\/\/locationvacancesdeauville.com\/index.php\/nos-services-location-maison-sur-deauville-trouville-sur-mer-avec-piscine-chauffee-tennis-tennis-de-table-petanque\/#breadcrumb\"},\"inLanguage\":\"fr-FR\",\"potentialAction\":[{\"@type\":\"ReadAction\",\"target\":[\"https:\/\/locationvacancesdeauville.com\/index.php\/nos-services-location-maison-sur-deauville-trouville-sur-mer-avec-piscine-chauffee-tennis-tennis-de-table-petanque\/\"]}]},{\"@type\":\"ImageObject\",\"inLanguage\":\"fr-FR\",\"@id\":\"https:\/\/locationvacancesdeauville.com\/index.php\/nos-services-location-maison-sur-deauville-trouville-sur-mer-avec-piscine-chauffee-tennis-tennis-de-table-petanque\/#primaryimage\",\"url\":\"https:\/\/locationvacancesdeauville.com\/wp-content\/uploads\/2022\/04\/261932264.jpg\",\"contentUrl\":\"https:\/\/locationvacancesdeauville.com\/wp-content\/uploads\/2022\/04\/261932264.jpg\",\"width\":1024,\"height\":768},{\"@type\":\"BreadcrumbList\",\"@id\":\"https:\/\/locationvacancesdeauville.com\/index.php\/nos-services-location-maison-sur-deauville-trouville-sur-mer-avec-piscine-chauffee-tennis-tennis-de-table-petanque\/#breadcrumb\",\"itemListElement\":[{\"@type\":\"ListItem\",\"position\":1,\"name\":\"Accueil\",\"item\":\"https:\/\/locationvacancesdeauville.com\/\"},{\"@type\":\"ListItem\",\"position\":2,\"name\":\"Nos services\"}]},{\"@type\":\"WebSite\",\"@id\":\"https:\/\/locationvacancesdeauville.com\/#website\",\"url\":\"https:\/\/locationvacancesdeauville.com\/\",\"name\":\"CHARMANTE PETITE VILLA SUR DEAUVILLE TROUVILLE\",\"description\":\"BIENVENUE CHEZ VOUS\",\"publisher\":{\"@id\":\"https:\/\/locationvacancesdeauville.com\/#organization\"},\"potentialAction\":[{\"@type\":\"SearchAction\",\"target\":{\"@type\":\"EntryPoint\",\"urlTemplate\":\"https:\/\/locationvacancesdeauville.com\/?s={search_term_string}\"},\"query-input\":{\"@type\":\"PropertyValueSpecification\",\"valueRequired\":true,\"valueName\":\"search_term_string\"}}],\"inLanguage\":\"fr-FR\"},{\"@type\":\"Organization\",\"@id\":\"https:\/\/locationvacancesdeauville.com\/#organization\",\"name\":\"CHARMANTE PETITE VILLA SUR DEAUVILLE TROUVILLE\",\"url\":\"https:\/\/locationvacancesdeauville.com\/\",\"logo\":{\"@type\":\"ImageObject\",\"inLanguage\":\"fr-FR\",\"@id\":\"https:\/\/locationvacancesdeauville.com\/#\/schema\/logo\/image\/\",\"url\":\"https:\/\/i0.wp.com\/locationvacancesdeauville.com\/wp-content\/uploads\/2022\/04\/269824934_454409026187013_440089036936669861_n.jpg?fit=1508%2C960&ssl=1\",\"contentUrl\":\"https:\/\/i0.wp.com\/locationvacancesdeauville.com\/wp-content\/uploads\/2022\/04\/269824934_454409026187013_440089036936669861_n.jpg?fit=1508%2C960&ssl=1\",\"width\":1508,\"height\":960,\"caption\":\"CHARMANTE PETITE VILLA SUR DEAUVILLE TROUVILLE\"},\"image\":{\"@id\":\"https:\/\/locationvacancesdeauville.com\/#\/schema\/logo\/image\/\"},\"sameAs\":[\"https:\/\/www.facebook.com\/people\/Charmante-petite-Villa-sur-Deauville-Trouville-sur-Mer\/\"]}]}<\/script>\n<!-- \/ Yoast SEO plugin. -->","yoast_head_json":{"title":"Nos services - CHARMANTE PETITE VILLA SUR DEAUVILLE TROUVILLE","description":"Nos services, location maison sur Deauville Trouville Sur Mer avec piscine chauff\u00e9e, tennis, tennis de table, p\u00e9tanque, chien accept\u00e9.","robots":{"index":"index","follow":"follow","max-snippet":"max-snippet:-1","max-image-preview":"max-image-preview:large","max-video-preview":"max-video-preview:-1"},"canonical":"https:\/\/locationvacancesdeauville.com\/index.php\/nos-services-location-maison-sur-deauville-trouville-sur-mer-avec-piscine-chauffee-tennis-tennis-de-table-petanque\/","og_locale":"fr_FR","og_type":"article","og_title":"Nos services - CHARMANTE PETITE VILLA SUR DEAUVILLE TROUVILLE","og_description":"Nos services, location maison sur Deauville Trouville Sur Mer avec piscine chauff\u00e9e, tennis, tennis de table, p\u00e9tanque, chien accept\u00e9.","og_url":"https:\/\/locationvacancesdeauville.com\/index.php\/nos-services-location-maison-sur-deauville-trouville-sur-mer-avec-piscine-chauffee-tennis-tennis-de-table-petanque\/","og_site_name":"CHARMANTE PETITE VILLA SUR DEAUVILLE TROUVILLE","article_publisher":"https:\/\/www.facebook.com\/people\/Charmante-petite-Villa-sur-Deauville-Trouville-sur-Mer\/","article_modified_time":"2022-09-05T06:08:42+00:00","og_image":[{"url":"https:\/\/locationvacancesdeauville.com\/wp-content\/uploads\/2022\/04\/261932264.jpg","type":"","width":"","height":""}],"twitter_card":"summary_large_image","twitter_misc":{"Dur\u00e9e de lecture estim\u00e9e":"4 minutes"},"schema":{"@context":"https:\/\/schema.org","@graph":[{"@type":"WebPage","@id":"https:\/\/locationvacancesdeauville.com\/index.php\/nos-services-location-maison-sur-deauville-trouville-sur-mer-avec-piscine-chauffee-tennis-tennis-de-table-petanque\/","url":"https:\/\/locationvacancesdeauville.com\/index.php\/nos-services-location-maison-sur-deauville-trouville-sur-mer-avec-piscine-chauffee-tennis-tennis-de-table-petanque\/","name":"Nos services - CHARMANTE PETITE VILLA SUR DEAUVILLE TROUVILLE","isPartOf":{"@id":"https:\/\/locationvacancesdeauville.com\/#website"},"primaryImageOfPage":{"@id":"https:\/\/locationvacancesdeauville.com\/index.php\/nos-services-location-maison-sur-deauville-trouville-sur-mer-avec-piscine-chauffee-tennis-tennis-de-table-petanque\/#primaryimage"},"image":{"@id":"https:\/\/locationvacancesdeauville.com\/index.php\/nos-services-location-maison-sur-deauville-trouville-sur-mer-avec-piscine-chauffee-tennis-tennis-de-table-petanque\/#primaryimage"},"thumbnailUrl":"https:\/\/locationvacancesdeauville.com\/wp-content\/uploads\/2022\/04\/261932264.jpg","datePublished":"2022-04-26T16:33:35+00:00","dateModified":"2022-09-05T06:08:42+00:00","description":"Nos services, location maison sur Deauville Trouville Sur Mer avec piscine chauff\u00e9e, tennis, tennis de table, p\u00e9tanque, chien accept\u00e9.","breadcrumb":{"@id":"https:\/\/locationvacancesdeauville.com\/index.php\/nos-services-location-maison-sur-deauville-trouville-sur-mer-avec-piscine-chauffee-tennis-tennis-de-table-petanque\/#breadcrumb"},"inLanguage":"fr-FR","potentialAction":[{"@type":"ReadAction","target":["https:\/\/locationvacancesdeauville.com\/index.php\/nos-services-location-maison-sur-deauville-trouville-sur-mer-avec-piscine-chauffee-tennis-tennis-de-table-petanque\/"]}]},{"@type":"ImageObject","inLanguage":"fr-FR","@id":"https:\/\/locationvacancesdeauville.com\/index.php\/nos-services-location-maison-sur-deauville-trouville-sur-mer-avec-piscine-chauffee-tennis-tennis-de-table-petanque\/#primaryimage","url":"https:\/\/locationvacancesdeauville.com\/wp-content\/uploads\/2022\/04\/261932264.jpg","contentUrl":"https:\/\/locationvacancesdeauville.com\/wp-content\/uploads\/2022\/04\/261932264.jpg","width":1024,"height":768},{"@type":"BreadcrumbList","@id":"https:\/\/locationvacancesdeauville.com\/index.php\/nos-services-location-maison-sur-deauville-trouville-sur-mer-avec-piscine-chauffee-tennis-tennis-de-table-petanque\/#breadcrumb","itemListElement":[{"@type":"ListItem","position":1,"name":"Accueil","item":"https:\/\/locationvacancesdeauville.com\/"},{"@type":"ListItem","position":2,"name":"Nos services"}]},{"@type":"WebSite","@id":"https:\/\/locationvacancesdeauville.com\/#website","url":"https:\/\/locationvacancesdeauville.com\/","name":"CHARMANTE PETITE VILLA SUR DEAUVILLE TROUVILLE","description":"BIENVENUE CHEZ VOUS","publisher":{"@id":"https:\/\/locationvacancesdeauville.com\/#organization"},"potentialAction":[{"@type":"SearchAction","target":{"@type":"EntryPoint","urlTemplate":"https:\/\/locationvacancesdeauville.com\/?s={search_term_string}"},"query-input":{"@type":"PropertyValueSpecification","valueRequired":true,"valueName":"search_term_string"}}],"inLanguage":"fr-FR"},{"@type":"Organization","@id":"https:\/\/locationvacancesdeauville.com\/#organization","name":"CHARMANTE PETITE VILLA SUR DEAUVILLE TROUVILLE","url":"https:\/\/locationvacancesdeauville.com\/","logo":{"@type":"ImageObject","inLanguage":"fr-FR","@id":"https:\/\/locationvacancesdeauville.com\/#\/schema\/logo\/image\/","url":"https:\/\/i0.wp.com\/locationvacancesdeauville.com\/wp-content\/uploads\/2022\/04\/269824934_454409026187013_440089036936669861_n.jpg?fit=1508%2C960&ssl=1","contentUrl":"https:\/\/i0.wp.com\/locationvacancesdeauville.com\/wp-content\/uploads\/2022\/04\/269824934_454409026187013_440089036936669861_n.jpg?fit=1508%2C960&ssl=1","width":1508,"height":960,"caption":"CHARMANTE PETITE VILLA SUR DEAUVILLE TROUVILLE"},"image":{"@id":"https:\/\/locationvacancesdeauville.com\/#\/schema\/logo\/image\/"},"sameAs":["https:\/\/www.facebook.com\/people\/Charmante-petite-Villa-sur-Deauville-Trouville-sur-Mer\/"]}]}},"uagb_featured_image_src":{"full":false,"thumbnail":false,"medium":false,"medium_large":false,"large":false,"1536x1536":false,"2048x2048":false,"inspiro-featured-image":false,"inspiro-loop":false,"inspiro-loop@2x":false},"uagb_author_info":{"display_name":"Xavier &amp; Joelle","author_link":"https:\/\/locationvacancesdeauville.com\/index.php\/author\/admin3036\/"},"uagb_comment_info":0,"uagb_excerpt":"LA PISCINE Nos Services # 1 \/ LA PISCINE DU DOMAINE EST RESERVEE AUX RESIDENTS DE LA COPROPRIETE. Elle est chauff\u00e9e \u00e0 28\u00b0. Pour l&rsquo;ann\u00e9e 2022, la piscine sera ouverte du 20 juin au 6 septembre. (Modification possible en fonction de l&rsquo;actualit\u00e9 COVID). A votre arriv\u00e9e, vous aurez les badges pour acc\u00e9der \u00e0 la piscine.\u2026","_links":{"self":[{"href":"https:\/\/locationvacancesdeauville.com\/index.php\/wp-json\/wp\/v2\/pages\/108","targetHints":{"allow":["GET"]}}],"collection":[{"href":"https:\/\/locationvacancesdeauville.com\/index.php\/wp-json\/wp\/v2\/pages"}],"about":[{"href":"https:\/\/locationvacancesdeauville.com\/index.php\/wp-json\/wp\/v2\/types\/page"}],"author":[{"embeddable":true,"href":"https:\/\/locationvacancesdeauville.com\/index.php\/wp-json\/wp\/v2\/users\/1"}],"replies":[{"embeddable":true,"href":"https:\/\/locationvacancesdeauville.com\/index.php\/wp-json\/wp\/v2\/comments?post=108"}],"version-history":[{"count":16,"href":"https:\/\/locationvacancesdeauville.com\/index.php\/wp-json\/wp\/v2\/pages\/108\/revisions"}],"predecessor-version":[{"id":662,"href":"https:\/\/locationvacancesdeauville.com\/index.php\/wp-json\/wp\/v2\/pages\/108\/revisions\/662"}],"wp:attachment":[{"href":"https:\/\/locationvacancesdeauville.com\/index.php\/wp-json\/wp\/v2\/media?parent=108"}],"curies":[{"name":"wp","href":"https:\/\/api.w.org\/{rel}","templated":true}]}}