{"id":16,"date":"2022-04-26T15:15:36","date_gmt":"2022-04-26T13:15:36","guid":{"rendered":"https:\/\/locationvacancesdeauville.com\/?page_id=16"},"modified":"2025-10-08T16:02:55","modified_gmt":"2025-10-08T14:02:55","slug":"formulaire-de-contact","status":"publish","type":"page","link":"https:\/\/locationvacancesdeauville.com\/index.php\/formulaire-de-contact\/","title":{"rendered":"Formulaire de contact"},"content":{"rendered":"\n<p class=\"has-medium-font-size\">Une question ou demande d&rsquo;information, n&rsquo;h\u00e9sitez pas \u00e0 renseigner le formulaire de contact.<\/p>\n\n\n\n<div class=\"wp-block-contact-form-7-contact-form-selector\">\n<div class=\"wpcf7 no-js\" id=\"wpcf7-f744-o1\" lang=\"fr-FR\" dir=\"ltr\" data-wpcf7-id=\"744\">\n<div class=\"screen-reader-response\"><p role=\"status\" aria-live=\"polite\" aria-atomic=\"true\"><\/p> <ul><\/ul><\/div>\n<form action=\"\/index.php\/wp-json\/wp\/v2\/pages\/16#wpcf7-f744-o1\" method=\"post\" class=\"wpcf7-form init\" aria-label=\"Formulaire de contact\" novalidate=\"novalidate\" data-status=\"init\">\n<fieldset class=\"hidden-fields-container\"><input type=\"hidden\" name=\"_wpcf7\" value=\"744\" \/><input type=\"hidden\" name=\"_wpcf7_version\" value=\"6.1.5\" \/><input type=\"hidden\" name=\"_wpcf7_locale\" value=\"fr_FR\" \/><input type=\"hidden\" name=\"_wpcf7_unit_tag\" value=\"wpcf7-f744-o1\" \/><input type=\"hidden\" name=\"_wpcf7_container_post\" value=\"0\" \/><input type=\"hidden\" name=\"_wpcf7_posted_data_hash\" value=\"\" \/><input type=\"hidden\" name=\"_wpcf7_recaptcha_response\" value=\"\" \/>\n<\/fieldset>\n<p>Bonjour, vous souhaitez des informations compl\u00e9mentaires, remplissez ce formulaire, je vous r\u00e9ponds tr\u00e8s rapidement.\n<\/p>\n<p>Xavier\n<\/p>\n<p><label> Votre nom et pr\u00e9nom<br \/>\n<span class=\"wpcf7-form-control-wrap\" data-name=\"your-name\"><input size=\"40\" maxlength=\"400\" class=\"wpcf7-form-control wpcf7-text wpcf7-validates-as-required\" autocomplete=\"name\" aria-required=\"true\" aria-invalid=\"false\" value=\"\" type=\"text\" name=\"your-name\" \/><\/span> <\/label>\n<\/p>\n<p><label> Votre e-mail<br \/>\n<span class=\"wpcf7-form-control-wrap\" data-name=\"your-email\"><input size=\"40\" maxlength=\"400\" class=\"wpcf7-form-control wpcf7-email wpcf7-validates-as-required wpcf7-text wpcf7-validates-as-email\" autocomplete=\"email\" aria-required=\"true\" aria-invalid=\"false\" value=\"\" type=\"email\" name=\"your-email\" \/><\/span> <\/label>\n<\/p>\n<p><label> Objet<br \/>\n<span class=\"wpcf7-form-control-wrap\" data-name=\"your-subject\"><input size=\"40\" maxlength=\"400\" class=\"wpcf7-form-control wpcf7-text wpcf7-validates-as-required\" aria-required=\"true\" aria-invalid=\"false\" value=\"\" type=\"text\" name=\"your-subject\" \/><\/span> <\/label>\n<\/p>\n<p><label> Votre message (facultatif)<br \/>\n<span class=\"wpcf7-form-control-wrap\" data-name=\"your-message\"><textarea cols=\"40\" rows=\"10\" maxlength=\"2000\" class=\"wpcf7-form-control wpcf7-textarea\" aria-invalid=\"false\" name=\"your-message\"><\/textarea><\/span> <\/label>\n<\/p>\n<p><input class=\"wpcf7-form-control wpcf7-submit has-spinner\" type=\"submit\" value=\"Envoyer\" \/>\n<\/p><p style=\"display: none !important;\"><label>&#916;<textarea name=\"_wpcf7_ak_hp_textarea\" cols=\"45\" rows=\"8\" maxlength=\"100\"><\/textarea><\/label><input type=\"hidden\" id=\"ak_js_1\" name=\"_wpcf7_ak_js\" value=\"89\"\/><script>document.getElementById( \"ak_js_1\" ).setAttribute( \"value\", ( new Date() ).getTime() );<\/script><\/p><div class=\"wpcf7-response-output\" aria-hidden=\"true\"><\/div>\n<\/form>\n<\/div>\n<\/div>\n\n\n\n<p class=\"has-text-align-center\">Sinon plus rapide, contactez nous directement<\/p>\n\n\n\n<div data-aos= \"zoom-out-down\" data-aos-duration=\"400\" data-aos-delay=\"0\" data-aos-easing=\"ease\" data-aos-once=\"true\" class=\"wp-block-uagb-image uagb-block-d66bd1e1 wp-block-uagb-image--layout-default wp-block-uagb-image--effect-static wp-block-uagb-image--align-none\"><figure class=\"wp-block-uagb-image__figure\"><a class=\"\" href=\"https:\/\/locationvacancesdeauville.com\/index.php\/la-charmante-petite-villa-sur-deauville-trouville\/\" target=\"_blank\" rel=\"noreferrer noopener\"><img decoding=\"async\" srcset=\"https:\/\/locationvacancesdeauville.com\/wp-content\/uploads\/2025\/02\/phone-old-year-built-1955-bakelite-163007-163007-1024x591.jpg ,https:\/\/locationvacancesdeauville.com\/wp-content\/uploads\/2025\/02\/phone-old-year-built-1955-bakelite-163007-163007-scaled.jpg 780w, https:\/\/locationvacancesdeauville.com\/wp-content\/uploads\/2025\/02\/phone-old-year-built-1955-bakelite-163007-163007-scaled.jpg 360w\" sizes=\"auto, (max-width: 480px) 150px\" src=\"https:\/\/locationvacancesdeauville.com\/wp-content\/uploads\/2025\/02\/phone-old-year-built-1955-bakelite-163007-163007-1024x591.jpg\" alt=\"Close-up of a classic black rotary phone outdoors with a blurred green background.\" class=\"uag-image-2297\" width=\"291\" height=\"168\" title=\"phone-old-year-built-1955-bakelite-163007-163007\" loading=\"lazy\" role=\"img\"\/><\/a><\/figure><\/div>\n","protected":false},"excerpt":{"rendered":"<p>Une question ou demande d&rsquo;information, n&rsquo;h\u00e9sitez pas \u00e0 renseigner le formulaire de contact. Sinon plus rapide, contactez nous directement<\/p>\n","protected":false},"author":1,"featured_media":2297,"parent":0,"menu_order":0,"comment_status":"closed","ping_status":"closed","template":"","meta":{"_uag_custom_page_level_css":"","footnotes":""},"class_list":["post-16","page","type-page","status-publish","has-post-thumbnail","hentry"],"yoast_head":"<!-- This site is optimized with the Yoast SEO plugin v24.4 - https:\/\/yoast.com\/wordpress\/plugins\/seo\/ -->\n<title>Formulaire de contact - CHARMANTE PETITE VILLA SUR DEAUVILLE TROUVILLE<\/title>\n<meta name=\"description\" content=\"Formulaire de contact : une question ou demande d&#039;information sur la location Deauville Chamante petite villa sur Deauville Trouville sur mer\" \/>\n<meta name=\"robots\" content=\"index, follow, max-snippet:-1, max-image-preview:large, max-video-preview:-1\" \/>\n<link rel=\"canonical\" href=\"https:\/\/locationvacancesdeauville.com\/index.php\/formulaire-de-contact\/\" \/>\n<meta property=\"og:locale\" content=\"fr_FR\" \/>\n<meta property=\"og:type\" content=\"article\" \/>\n<meta property=\"og:title\" content=\"Formulaire de contact - CHARMANTE PETITE VILLA SUR DEAUVILLE TROUVILLE\" \/>\n<meta property=\"og:description\" content=\"Formulaire de contact : une question ou demande d&#039;information sur la location Deauville Chamante petite villa sur Deauville Trouville sur mer\" \/>\n<meta property=\"og:url\" content=\"https:\/\/locationvacancesdeauville.com\/index.php\/formulaire-de-contact\/\" \/>\n<meta property=\"og:site_name\" content=\"CHARMANTE PETITE VILLA SUR DEAUVILLE TROUVILLE\" \/>\n<meta property=\"article:publisher\" content=\"https:\/\/www.facebook.com\/people\/Charmante-petite-Villa-sur-Deauville-Trouville-sur-Mer\/\" \/>\n<meta property=\"article:modified_time\" content=\"2025-10-08T14:02:55+00:00\" \/>\n<meta property=\"og:image\" content=\"https:\/\/locationvacancesdeauville.com\/wp-content\/uploads\/2025\/02\/phone-old-year-built-1955-bakelite-163007-163007-scaled.jpg\" \/>\n\t<meta property=\"og:image:width\" content=\"2560\" \/>\n\t<meta property=\"og:image:height\" content=\"1478\" \/>\n\t<meta property=\"og:image:type\" content=\"image\/jpeg\" \/>\n<meta name=\"twitter:card\" content=\"summary_large_image\" \/>\n<meta name=\"twitter:label1\" content=\"Dur\u00e9e de lecture estim\u00e9e\" \/>\n\t<meta name=\"twitter:data1\" content=\"1 minute\" \/>\n<script type=\"application\/ld+json\" class=\"yoast-schema-graph\">{\"@context\":\"https:\/\/schema.org\",\"@graph\":[{\"@type\":\"WebPage\",\"@id\":\"https:\/\/locationvacancesdeauville.com\/index.php\/formulaire-de-contact\/\",\"url\":\"https:\/\/locationvacancesdeauville.com\/index.php\/formulaire-de-contact\/\",\"name\":\"Formulaire de contact - CHARMANTE PETITE VILLA SUR DEAUVILLE TROUVILLE\",\"isPartOf\":{\"@id\":\"https:\/\/locationvacancesdeauville.com\/#website\"},\"primaryImageOfPage\":{\"@id\":\"https:\/\/locationvacancesdeauville.com\/index.php\/formulaire-de-contact\/#primaryimage\"},\"image\":{\"@id\":\"https:\/\/locationvacancesdeauville.com\/index.php\/formulaire-de-contact\/#primaryimage\"},\"thumbnailUrl\":\"https:\/\/locationvacancesdeauville.com\/wp-content\/uploads\/2025\/02\/phone-old-year-built-1955-bakelite-163007-163007-scaled.jpg\",\"datePublished\":\"2022-04-26T13:15:36+00:00\",\"dateModified\":\"2025-10-08T14:02:55+00:00\",\"description\":\"Formulaire de contact : une question ou demande d'information sur la location Deauville Chamante petite villa sur Deauville Trouville sur mer\",\"breadcrumb\":{\"@id\":\"https:\/\/locationvacancesdeauville.com\/index.php\/formulaire-de-contact\/#breadcrumb\"},\"inLanguage\":\"fr-FR\",\"potentialAction\":[{\"@type\":\"ReadAction\",\"target\":[\"https:\/\/locationvacancesdeauville.com\/index.php\/formulaire-de-contact\/\"]}]},{\"@type\":\"ImageObject\",\"inLanguage\":\"fr-FR\",\"@id\":\"https:\/\/locationvacancesdeauville.com\/index.php\/formulaire-de-contact\/#primaryimage\",\"url\":\"https:\/\/locationvacancesdeauville.com\/wp-content\/uploads\/2025\/02\/phone-old-year-built-1955-bakelite-163007-163007-scaled.jpg\",\"contentUrl\":\"https:\/\/locationvacancesdeauville.com\/wp-content\/uploads\/2025\/02\/phone-old-year-built-1955-bakelite-163007-163007-scaled.jpg\",\"width\":2560,\"height\":1478,\"caption\":\"Close-up of a classic black rotary phone outdoors with a blurred green background.\"},{\"@type\":\"BreadcrumbList\",\"@id\":\"https:\/\/locationvacancesdeauville.com\/index.php\/formulaire-de-contact\/#breadcrumb\",\"itemListElement\":[{\"@type\":\"ListItem\",\"position\":1,\"name\":\"Accueil\",\"item\":\"https:\/\/locationvacancesdeauville.com\/\"},{\"@type\":\"ListItem\",\"position\":2,\"name\":\"Formulaire de contact\"}]},{\"@type\":\"WebSite\",\"@id\":\"https:\/\/locationvacancesdeauville.com\/#website\",\"url\":\"https:\/\/locationvacancesdeauville.com\/\",\"name\":\"CHARMANTE PETITE VILLA SUR DEAUVILLE TROUVILLE\",\"description\":\"BIENVENUE CHEZ VOUS\",\"publisher\":{\"@id\":\"https:\/\/locationvacancesdeauville.com\/#organization\"},\"potentialAction\":[{\"@type\":\"SearchAction\",\"target\":{\"@type\":\"EntryPoint\",\"urlTemplate\":\"https:\/\/locationvacancesdeauville.com\/?s={search_term_string}\"},\"query-input\":{\"@type\":\"PropertyValueSpecification\",\"valueRequired\":true,\"valueName\":\"search_term_string\"}}],\"inLanguage\":\"fr-FR\"},{\"@type\":\"Organization\",\"@id\":\"https:\/\/locationvacancesdeauville.com\/#organization\",\"name\":\"CHARMANTE PETITE VILLA SUR DEAUVILLE TROUVILLE\",\"url\":\"https:\/\/locationvacancesdeauville.com\/\",\"logo\":{\"@type\":\"ImageObject\",\"inLanguage\":\"fr-FR\",\"@id\":\"https:\/\/locationvacancesdeauville.com\/#\/schema\/logo\/image\/\",\"url\":\"https:\/\/i0.wp.com\/locationvacancesdeauville.com\/wp-content\/uploads\/2022\/04\/269824934_454409026187013_440089036936669861_n.jpg?fit=1508%2C960&ssl=1\",\"contentUrl\":\"https:\/\/i0.wp.com\/locationvacancesdeauville.com\/wp-content\/uploads\/2022\/04\/269824934_454409026187013_440089036936669861_n.jpg?fit=1508%2C960&ssl=1\",\"width\":1508,\"height\":960,\"caption\":\"CHARMANTE PETITE VILLA SUR DEAUVILLE TROUVILLE\"},\"image\":{\"@id\":\"https:\/\/locationvacancesdeauville.com\/#\/schema\/logo\/image\/\"},\"sameAs\":[\"https:\/\/www.facebook.com\/people\/Charmante-petite-Villa-sur-Deauville-Trouville-sur-Mer\/\"]}]}<\/script>\n<!-- \/ Yoast SEO plugin. -->","yoast_head_json":{"title":"Formulaire de contact - CHARMANTE PETITE VILLA SUR DEAUVILLE TROUVILLE","description":"Formulaire de contact : une question ou demande d'information sur la location Deauville Chamante petite villa sur Deauville Trouville sur mer","robots":{"index":"index","follow":"follow","max-snippet":"max-snippet:-1","max-image-preview":"max-image-preview:large","max-video-preview":"max-video-preview:-1"},"canonical":"https:\/\/locationvacancesdeauville.com\/index.php\/formulaire-de-contact\/","og_locale":"fr_FR","og_type":"article","og_title":"Formulaire de contact - CHARMANTE PETITE VILLA SUR DEAUVILLE TROUVILLE","og_description":"Formulaire de contact : une question ou demande d'information sur la location Deauville Chamante petite villa sur Deauville Trouville sur mer","og_url":"https:\/\/locationvacancesdeauville.com\/index.php\/formulaire-de-contact\/","og_site_name":"CHARMANTE PETITE VILLA SUR DEAUVILLE TROUVILLE","article_publisher":"https:\/\/www.facebook.com\/people\/Charmante-petite-Villa-sur-Deauville-Trouville-sur-Mer\/","article_modified_time":"2025-10-08T14:02:55+00:00","og_image":[{"width":2560,"height":1478,"url":"https:\/\/locationvacancesdeauville.com\/wp-content\/uploads\/2025\/02\/phone-old-year-built-1955-bakelite-163007-163007-scaled.jpg","type":"image\/jpeg"}],"twitter_card":"summary_large_image","twitter_misc":{"Dur\u00e9e de lecture estim\u00e9e":"1 minute"},"schema":{"@context":"https:\/\/schema.org","@graph":[{"@type":"WebPage","@id":"https:\/\/locationvacancesdeauville.com\/index.php\/formulaire-de-contact\/","url":"https:\/\/locationvacancesdeauville.com\/index.php\/formulaire-de-contact\/","name":"Formulaire de contact - CHARMANTE PETITE VILLA SUR DEAUVILLE TROUVILLE","isPartOf":{"@id":"https:\/\/locationvacancesdeauville.com\/#website"},"primaryImageOfPage":{"@id":"https:\/\/locationvacancesdeauville.com\/index.php\/formulaire-de-contact\/#primaryimage"},"image":{"@id":"https:\/\/locationvacancesdeauville.com\/index.php\/formulaire-de-contact\/#primaryimage"},"thumbnailUrl":"https:\/\/locationvacancesdeauville.com\/wp-content\/uploads\/2025\/02\/phone-old-year-built-1955-bakelite-163007-163007-scaled.jpg","datePublished":"2022-04-26T13:15:36+00:00","dateModified":"2025-10-08T14:02:55+00:00","description":"Formulaire de contact : une question ou demande d'information sur la location Deauville Chamante petite villa sur Deauville Trouville sur mer","breadcrumb":{"@id":"https:\/\/locationvacancesdeauville.com\/index.php\/formulaire-de-contact\/#breadcrumb"},"inLanguage":"fr-FR","potentialAction":[{"@type":"ReadAction","target":["https:\/\/locationvacancesdeauville.com\/index.php\/formulaire-de-contact\/"]}]},{"@type":"ImageObject","inLanguage":"fr-FR","@id":"https:\/\/locationvacancesdeauville.com\/index.php\/formulaire-de-contact\/#primaryimage","url":"https:\/\/locationvacancesdeauville.com\/wp-content\/uploads\/2025\/02\/phone-old-year-built-1955-bakelite-163007-163007-scaled.jpg","contentUrl":"https:\/\/locationvacancesdeauville.com\/wp-content\/uploads\/2025\/02\/phone-old-year-built-1955-bakelite-163007-163007-scaled.jpg","width":2560,"height":1478,"caption":"Close-up of a classic black rotary phone outdoors with a blurred green background."},{"@type":"BreadcrumbList","@id":"https:\/\/locationvacancesdeauville.com\/index.php\/formulaire-de-contact\/#breadcrumb","itemListElement":[{"@type":"ListItem","position":1,"name":"Accueil","item":"https:\/\/locationvacancesdeauville.com\/"},{"@type":"ListItem","position":2,"name":"Formulaire de contact"}]},{"@type":"WebSite","@id":"https:\/\/locationvacancesdeauville.com\/#website","url":"https:\/\/locationvacancesdeauville.com\/","name":"CHARMANTE PETITE VILLA SUR DEAUVILLE TROUVILLE","description":"BIENVENUE CHEZ VOUS","publisher":{"@id":"https:\/\/locationvacancesdeauville.com\/#organization"},"potentialAction":[{"@type":"SearchAction","target":{"@type":"EntryPoint","urlTemplate":"https:\/\/locationvacancesdeauville.com\/?s={search_term_string}"},"query-input":{"@type":"PropertyValueSpecification","valueRequired":true,"valueName":"search_term_string"}}],"inLanguage":"fr-FR"},{"@type":"Organization","@id":"https:\/\/locationvacancesdeauville.com\/#organization","name":"CHARMANTE PETITE VILLA SUR DEAUVILLE TROUVILLE","url":"https:\/\/locationvacancesdeauville.com\/","logo":{"@type":"ImageObject","inLanguage":"fr-FR","@id":"https:\/\/locationvacancesdeauville.com\/#\/schema\/logo\/image\/","url":"https:\/\/i0.wp.com\/locationvacancesdeauville.com\/wp-content\/uploads\/2022\/04\/269824934_454409026187013_440089036936669861_n.jpg?fit=1508%2C960&ssl=1","contentUrl":"https:\/\/i0.wp.com\/locationvacancesdeauville.com\/wp-content\/uploads\/2022\/04\/269824934_454409026187013_440089036936669861_n.jpg?fit=1508%2C960&ssl=1","width":1508,"height":960,"caption":"CHARMANTE PETITE VILLA SUR DEAUVILLE TROUVILLE"},"image":{"@id":"https:\/\/locationvacancesdeauville.com\/#\/schema\/logo\/image\/"},"sameAs":["https:\/\/www.facebook.com\/people\/Charmante-petite-Villa-sur-Deauville-Trouville-sur-Mer\/"]}]}},"uagb_featured_image_src":{"full":["https:\/\/locationvacancesdeauville.com\/wp-content\/uploads\/2025\/02\/phone-old-year-built-1955-bakelite-163007-163007-scaled.jpg",2560,1478,false],"thumbnail":["https:\/\/locationvacancesdeauville.com\/wp-content\/uploads\/2025\/02\/phone-old-year-built-1955-bakelite-163007-163007-150x150.jpg",150,150,true],"medium":["https:\/\/locationvacancesdeauville.com\/wp-content\/uploads\/2025\/02\/phone-old-year-built-1955-bakelite-163007-163007-300x173.jpg",300,173,true],"medium_large":["https:\/\/locationvacancesdeauville.com\/wp-content\/uploads\/2025\/02\/phone-old-year-built-1955-bakelite-163007-163007-768x443.jpg",768,443,true],"large":["https:\/\/locationvacancesdeauville.com\/wp-content\/uploads\/2025\/02\/phone-old-year-built-1955-bakelite-163007-163007-1024x591.jpg",950,548,true],"1536x1536":["https:\/\/locationvacancesdeauville.com\/wp-content\/uploads\/2025\/02\/phone-old-year-built-1955-bakelite-163007-163007-1536x887.jpg",1536,887,true],"2048x2048":["https:\/\/locationvacancesdeauville.com\/wp-content\/uploads\/2025\/02\/phone-old-year-built-1955-bakelite-163007-163007-2048x1182.jpg",2048,1182,true],"inspiro-featured-image":["https:\/\/locationvacancesdeauville.com\/wp-content\/uploads\/2025\/02\/phone-old-year-built-1955-bakelite-163007-163007-2000x1154.jpg",2000,1154,true],"inspiro-loop":["https:\/\/locationvacancesdeauville.com\/wp-content\/uploads\/2025\/02\/phone-old-year-built-1955-bakelite-163007-163007-950x320.jpg",950,320,true],"inspiro-loop@2x":["https:\/\/locationvacancesdeauville.com\/wp-content\/uploads\/2025\/02\/phone-old-year-built-1955-bakelite-163007-163007-1900x640.jpg",1900,640,true]},"uagb_author_info":{"display_name":"Xavier &amp; Joelle","author_link":"https:\/\/locationvacancesdeauville.com\/index.php\/author\/admin3036\/"},"uagb_comment_info":0,"uagb_excerpt":"Une question ou demande d&rsquo;information, n&rsquo;h\u00e9sitez pas \u00e0 renseigner le formulaire de contact. Sinon plus rapide, contactez nous directement","_links":{"self":[{"href":"https:\/\/locationvacancesdeauville.com\/index.php\/wp-json\/wp\/v2\/pages\/16","targetHints":{"allow":["GET"]}}],"collection":[{"href":"https:\/\/locationvacancesdeauville.com\/index.php\/wp-json\/wp\/v2\/pages"}],"about":[{"href":"https:\/\/locationvacancesdeauville.com\/index.php\/wp-json\/wp\/v2\/types\/page"}],"author":[{"embeddable":true,"href":"https:\/\/locationvacancesdeauville.com\/index.php\/wp-json\/wp\/v2\/users\/1"}],"replies":[{"embeddable":true,"href":"https:\/\/locationvacancesdeauville.com\/index.php\/wp-json\/wp\/v2\/comments?post=16"}],"version-history":[{"count":27,"href":"https:\/\/locationvacancesdeauville.com\/index.php\/wp-json\/wp\/v2\/pages\/16\/revisions"}],"predecessor-version":[{"id":3524,"href":"https:\/\/locationvacancesdeauville.com\/index.php\/wp-json\/wp\/v2\/pages\/16\/revisions\/3524"}],"wp:featuredmedia":[{"embeddable":true,"href":"https:\/\/locationvacancesdeauville.com\/index.php\/wp-json\/wp\/v2\/media\/2297"}],"wp:attachment":[{"href":"https:\/\/locationvacancesdeauville.com\/index.php\/wp-json\/wp\/v2\/media?parent=16"}],"curies":[{"name":"wp","href":"https:\/\/api.w.org\/{rel}","templated":true}]}}