{"id":347,"date":"2022-04-27T17:20:12","date_gmt":"2022-04-27T15:20:12","guid":{"rendered":"https:\/\/locationvacancesdeauville.com\/?page_id=347"},"modified":"2024-04-03T10:45:26","modified_gmt":"2024-04-03T08:45:26","slug":"a-savoir","status":"publish","type":"page","link":"https:\/\/locationvacancesdeauville.com\/index.php\/a-savoir\/","title":{"rendered":"A savoir"},"content":{"rendered":"\n<p>A savoir : en notre absence, vous serez re\u00e7us par notre amie Michelle, qui saura vous accueillir avec gentillesse et bienveillance. Elle vous donnera toutes les fonctionnalit\u00e9s de la <a href=\"https:\/\/locationvacancesdeauville.com\/index.php\/la-charmante-petite-villa-sur-deauville-trouville\/\">maison<\/a>. Vous disposerez de l&rsquo;int\u00e9gralit\u00e9 de la maison. <\/p>\n\n\n\n<div class=\"wp-block-buttons is-content-justification-center is-layout-flex wp-container-core-buttons-is-layout-16018d1d wp-block-buttons-is-layout-flex\">\n<div class=\"wp-block-button\"><a class=\"wp-block-button__link wp-element-button\" href=\"https:\/\/locationvacancesdeauville.com\/wp-content\/uploads\/2024\/04\/Livret-dAccueil-Location-Yearling.mp4\" target=\"_blank\" rel=\"noreferrer noopener\">le livret d&rsquo;accueil en video<\/a><\/div>\n<\/div>\n\n\n\n<p>Je demande que soit scrupuleusement respect\u00e9, le nombre de personnes que vous avez indiqu\u00e9. Il arrive que des personnes, d\u00e8s lors o\u00f9 ils ont re\u00e7u les cl\u00e9s, font venir d&rsquo;autres personnes. <\/p>\n\n\n\n<p>Les ext\u00e9rieurs du domaine sont  sous surveillance.<\/p>\n","protected":false},"excerpt":{"rendered":"<p>A savoir : en notre absence, vous serez re\u00e7us par notre amie Michelle, qui saura vous accueillir avec gentillesse et bienveillance. Elle vous donnera toutes les fonctionnalit\u00e9s de la maison. Vous disposerez de l&rsquo;int\u00e9gralit\u00e9 de la maison. Je demande que soit scrupuleusement respect\u00e9, le nombre de personnes que vous avez indiqu\u00e9. Il arrive que des &hellip; <\/p>\n<p class=\"link-more\"><a href=\"https:\/\/locationvacancesdeauville.com\/index.php\/a-savoir\/\" class=\"more-link\">Lire la suite de<span class=\"screen-reader-text\">\u00ab\u00a0A savoir\u00a0\u00bb<\/span><\/a><\/p>\n","protected":false},"author":1,"featured_media":1620,"parent":0,"menu_order":0,"comment_status":"closed","ping_status":"closed","template":"","meta":{"_uag_custom_page_level_css":"","footnotes":""},"class_list":["post-347","page","type-page","status-publish","has-post-thumbnail","hentry"],"yoast_head":"<!-- This site is optimized with the Yoast SEO plugin v24.4 - https:\/\/yoast.com\/wordpress\/plugins\/seo\/ -->\n<title>A savoir - CHARMANTE PETITE VILLA SUR DEAUVILLE TROUVILLE<\/title>\n<meta name=\"description\" content=\"A savoir : en notre absence, vous serez re\u00e7us par notre amie Michelle qui vous donnera toutes les fonctionnalit\u00e9s de la maison\" \/>\n<meta name=\"robots\" content=\"index, follow, max-snippet:-1, max-image-preview:large, max-video-preview:-1\" \/>\n<link rel=\"canonical\" href=\"https:\/\/locationvacancesdeauville.com\/index.php\/a-savoir\/\" \/>\n<meta property=\"og:locale\" content=\"fr_FR\" \/>\n<meta property=\"og:type\" content=\"article\" \/>\n<meta property=\"og:title\" content=\"A savoir - CHARMANTE PETITE VILLA SUR DEAUVILLE TROUVILLE\" \/>\n<meta property=\"og:description\" content=\"A savoir : en notre absence, vous serez re\u00e7us par notre amie Michelle qui vous donnera toutes les fonctionnalit\u00e9s de la maison\" \/>\n<meta property=\"og:url\" content=\"https:\/\/locationvacancesdeauville.com\/index.php\/a-savoir\/\" \/>\n<meta property=\"og:site_name\" content=\"CHARMANTE PETITE VILLA SUR DEAUVILLE TROUVILLE\" \/>\n<meta property=\"article:publisher\" content=\"https:\/\/www.facebook.com\/people\/Charmante-petite-Villa-sur-Deauville-Trouville-sur-Mer\/\" \/>\n<meta property=\"article:modified_time\" content=\"2024-04-03T08:45:26+00:00\" \/>\n<meta property=\"og:image\" content=\"https:\/\/locationvacancesdeauville.com\/wp-content\/uploads\/2024\/04\/20240401_115106-scaled.jpg\" \/>\n\t<meta property=\"og:image:width\" content=\"2560\" \/>\n\t<meta property=\"og:image:height\" content=\"2051\" \/>\n\t<meta property=\"og:image:type\" content=\"image\/jpeg\" \/>\n<meta name=\"twitter:card\" content=\"summary_large_image\" \/>\n<meta name=\"twitter:label1\" content=\"Dur\u00e9e de lecture estim\u00e9e\" \/>\n\t<meta name=\"twitter:data1\" content=\"1 minute\" \/>\n<script type=\"application\/ld+json\" class=\"yoast-schema-graph\">{\"@context\":\"https:\/\/schema.org\",\"@graph\":[{\"@type\":\"WebPage\",\"@id\":\"https:\/\/locationvacancesdeauville.com\/index.php\/a-savoir\/\",\"url\":\"https:\/\/locationvacancesdeauville.com\/index.php\/a-savoir\/\",\"name\":\"A savoir - CHARMANTE PETITE VILLA SUR DEAUVILLE TROUVILLE\",\"isPartOf\":{\"@id\":\"https:\/\/locationvacancesdeauville.com\/#website\"},\"primaryImageOfPage\":{\"@id\":\"https:\/\/locationvacancesdeauville.com\/index.php\/a-savoir\/#primaryimage\"},\"image\":{\"@id\":\"https:\/\/locationvacancesdeauville.com\/index.php\/a-savoir\/#primaryimage\"},\"thumbnailUrl\":\"https:\/\/locationvacancesdeauville.com\/wp-content\/uploads\/2024\/04\/20240401_115106-scaled.jpg\",\"datePublished\":\"2022-04-27T15:20:12+00:00\",\"dateModified\":\"2024-04-03T08:45:26+00:00\",\"description\":\"A savoir : en notre absence, vous serez re\u00e7us par notre amie Michelle qui vous donnera toutes les fonctionnalit\u00e9s de la maison\",\"breadcrumb\":{\"@id\":\"https:\/\/locationvacancesdeauville.com\/index.php\/a-savoir\/#breadcrumb\"},\"inLanguage\":\"fr-FR\",\"potentialAction\":[{\"@type\":\"ReadAction\",\"target\":[\"https:\/\/locationvacancesdeauville.com\/index.php\/a-savoir\/\"]}]},{\"@type\":\"ImageObject\",\"inLanguage\":\"fr-FR\",\"@id\":\"https:\/\/locationvacancesdeauville.com\/index.php\/a-savoir\/#primaryimage\",\"url\":\"https:\/\/locationvacancesdeauville.com\/wp-content\/uploads\/2024\/04\/20240401_115106-scaled.jpg\",\"contentUrl\":\"https:\/\/locationvacancesdeauville.com\/wp-content\/uploads\/2024\/04\/20240401_115106-scaled.jpg\",\"width\":2560,\"height\":2051},{\"@type\":\"BreadcrumbList\",\"@id\":\"https:\/\/locationvacancesdeauville.com\/index.php\/a-savoir\/#breadcrumb\",\"itemListElement\":[{\"@type\":\"ListItem\",\"position\":1,\"name\":\"Accueil\",\"item\":\"https:\/\/locationvacancesdeauville.com\/\"},{\"@type\":\"ListItem\",\"position\":2,\"name\":\"A savoir\"}]},{\"@type\":\"WebSite\",\"@id\":\"https:\/\/locationvacancesdeauville.com\/#website\",\"url\":\"https:\/\/locationvacancesdeauville.com\/\",\"name\":\"CHARMANTE PETITE VILLA SUR DEAUVILLE TROUVILLE\",\"description\":\"BIENVENUE CHEZ VOUS\",\"publisher\":{\"@id\":\"https:\/\/locationvacancesdeauville.com\/#organization\"},\"potentialAction\":[{\"@type\":\"SearchAction\",\"target\":{\"@type\":\"EntryPoint\",\"urlTemplate\":\"https:\/\/locationvacancesdeauville.com\/?s={search_term_string}\"},\"query-input\":{\"@type\":\"PropertyValueSpecification\",\"valueRequired\":true,\"valueName\":\"search_term_string\"}}],\"inLanguage\":\"fr-FR\"},{\"@type\":\"Organization\",\"@id\":\"https:\/\/locationvacancesdeauville.com\/#organization\",\"name\":\"CHARMANTE PETITE VILLA SUR DEAUVILLE TROUVILLE\",\"url\":\"https:\/\/locationvacancesdeauville.com\/\",\"logo\":{\"@type\":\"ImageObject\",\"inLanguage\":\"fr-FR\",\"@id\":\"https:\/\/locationvacancesdeauville.com\/#\/schema\/logo\/image\/\",\"url\":\"https:\/\/i0.wp.com\/locationvacancesdeauville.com\/wp-content\/uploads\/2022\/04\/269824934_454409026187013_440089036936669861_n.jpg?fit=1508%2C960&ssl=1\",\"contentUrl\":\"https:\/\/i0.wp.com\/locationvacancesdeauville.com\/wp-content\/uploads\/2022\/04\/269824934_454409026187013_440089036936669861_n.jpg?fit=1508%2C960&ssl=1\",\"width\":1508,\"height\":960,\"caption\":\"CHARMANTE PETITE VILLA SUR DEAUVILLE TROUVILLE\"},\"image\":{\"@id\":\"https:\/\/locationvacancesdeauville.com\/#\/schema\/logo\/image\/\"},\"sameAs\":[\"https:\/\/www.facebook.com\/people\/Charmante-petite-Villa-sur-Deauville-Trouville-sur-Mer\/\"]}]}<\/script>\n<!-- \/ Yoast SEO plugin. -->","yoast_head_json":{"title":"A savoir - CHARMANTE PETITE VILLA SUR DEAUVILLE TROUVILLE","description":"A savoir : en notre absence, vous serez re\u00e7us par notre amie Michelle qui vous donnera toutes les fonctionnalit\u00e9s de la maison","robots":{"index":"index","follow":"follow","max-snippet":"max-snippet:-1","max-image-preview":"max-image-preview:large","max-video-preview":"max-video-preview:-1"},"canonical":"https:\/\/locationvacancesdeauville.com\/index.php\/a-savoir\/","og_locale":"fr_FR","og_type":"article","og_title":"A savoir - CHARMANTE PETITE VILLA SUR DEAUVILLE TROUVILLE","og_description":"A savoir : en notre absence, vous serez re\u00e7us par notre amie Michelle qui vous donnera toutes les fonctionnalit\u00e9s de la maison","og_url":"https:\/\/locationvacancesdeauville.com\/index.php\/a-savoir\/","og_site_name":"CHARMANTE PETITE VILLA SUR DEAUVILLE TROUVILLE","article_publisher":"https:\/\/www.facebook.com\/people\/Charmante-petite-Villa-sur-Deauville-Trouville-sur-Mer\/","article_modified_time":"2024-04-03T08:45:26+00:00","og_image":[{"width":2560,"height":2051,"url":"https:\/\/locationvacancesdeauville.com\/wp-content\/uploads\/2024\/04\/20240401_115106-scaled.jpg","type":"image\/jpeg"}],"twitter_card":"summary_large_image","twitter_misc":{"Dur\u00e9e de lecture estim\u00e9e":"1 minute"},"schema":{"@context":"https:\/\/schema.org","@graph":[{"@type":"WebPage","@id":"https:\/\/locationvacancesdeauville.com\/index.php\/a-savoir\/","url":"https:\/\/locationvacancesdeauville.com\/index.php\/a-savoir\/","name":"A savoir - CHARMANTE PETITE VILLA SUR DEAUVILLE TROUVILLE","isPartOf":{"@id":"https:\/\/locationvacancesdeauville.com\/#website"},"primaryImageOfPage":{"@id":"https:\/\/locationvacancesdeauville.com\/index.php\/a-savoir\/#primaryimage"},"image":{"@id":"https:\/\/locationvacancesdeauville.com\/index.php\/a-savoir\/#primaryimage"},"thumbnailUrl":"https:\/\/locationvacancesdeauville.com\/wp-content\/uploads\/2024\/04\/20240401_115106-scaled.jpg","datePublished":"2022-04-27T15:20:12+00:00","dateModified":"2024-04-03T08:45:26+00:00","description":"A savoir : en notre absence, vous serez re\u00e7us par notre amie Michelle qui vous donnera toutes les fonctionnalit\u00e9s de la maison","breadcrumb":{"@id":"https:\/\/locationvacancesdeauville.com\/index.php\/a-savoir\/#breadcrumb"},"inLanguage":"fr-FR","potentialAction":[{"@type":"ReadAction","target":["https:\/\/locationvacancesdeauville.com\/index.php\/a-savoir\/"]}]},{"@type":"ImageObject","inLanguage":"fr-FR","@id":"https:\/\/locationvacancesdeauville.com\/index.php\/a-savoir\/#primaryimage","url":"https:\/\/locationvacancesdeauville.com\/wp-content\/uploads\/2024\/04\/20240401_115106-scaled.jpg","contentUrl":"https:\/\/locationvacancesdeauville.com\/wp-content\/uploads\/2024\/04\/20240401_115106-scaled.jpg","width":2560,"height":2051},{"@type":"BreadcrumbList","@id":"https:\/\/locationvacancesdeauville.com\/index.php\/a-savoir\/#breadcrumb","itemListElement":[{"@type":"ListItem","position":1,"name":"Accueil","item":"https:\/\/locationvacancesdeauville.com\/"},{"@type":"ListItem","position":2,"name":"A savoir"}]},{"@type":"WebSite","@id":"https:\/\/locationvacancesdeauville.com\/#website","url":"https:\/\/locationvacancesdeauville.com\/","name":"CHARMANTE PETITE VILLA SUR DEAUVILLE TROUVILLE","description":"BIENVENUE CHEZ VOUS","publisher":{"@id":"https:\/\/locationvacancesdeauville.com\/#organization"},"potentialAction":[{"@type":"SearchAction","target":{"@type":"EntryPoint","urlTemplate":"https:\/\/locationvacancesdeauville.com\/?s={search_term_string}"},"query-input":{"@type":"PropertyValueSpecification","valueRequired":true,"valueName":"search_term_string"}}],"inLanguage":"fr-FR"},{"@type":"Organization","@id":"https:\/\/locationvacancesdeauville.com\/#organization","name":"CHARMANTE PETITE VILLA SUR DEAUVILLE TROUVILLE","url":"https:\/\/locationvacancesdeauville.com\/","logo":{"@type":"ImageObject","inLanguage":"fr-FR","@id":"https:\/\/locationvacancesdeauville.com\/#\/schema\/logo\/image\/","url":"https:\/\/i0.wp.com\/locationvacancesdeauville.com\/wp-content\/uploads\/2022\/04\/269824934_454409026187013_440089036936669861_n.jpg?fit=1508%2C960&ssl=1","contentUrl":"https:\/\/i0.wp.com\/locationvacancesdeauville.com\/wp-content\/uploads\/2022\/04\/269824934_454409026187013_440089036936669861_n.jpg?fit=1508%2C960&ssl=1","width":1508,"height":960,"caption":"CHARMANTE PETITE VILLA SUR DEAUVILLE TROUVILLE"},"image":{"@id":"https:\/\/locationvacancesdeauville.com\/#\/schema\/logo\/image\/"},"sameAs":["https:\/\/www.facebook.com\/people\/Charmante-petite-Villa-sur-Deauville-Trouville-sur-Mer\/"]}]}},"uagb_featured_image_src":{"full":["https:\/\/locationvacancesdeauville.com\/wp-content\/uploads\/2024\/04\/20240401_115106-scaled.jpg",2560,2051,false],"thumbnail":["https:\/\/locationvacancesdeauville.com\/wp-content\/uploads\/2024\/04\/20240401_115106-150x150.jpg",150,150,true],"medium":["https:\/\/locationvacancesdeauville.com\/wp-content\/uploads\/2024\/04\/20240401_115106-300x240.jpg",300,240,true],"medium_large":["https:\/\/locationvacancesdeauville.com\/wp-content\/uploads\/2024\/04\/20240401_115106-768x615.jpg",768,615,true],"large":["https:\/\/locationvacancesdeauville.com\/wp-content\/uploads\/2024\/04\/20240401_115106-1024x821.jpg",950,762,true],"1536x1536":["https:\/\/locationvacancesdeauville.com\/wp-content\/uploads\/2024\/04\/20240401_115106-1536x1231.jpg",1536,1231,true],"2048x2048":["https:\/\/locationvacancesdeauville.com\/wp-content\/uploads\/2024\/04\/20240401_115106-2048x1641.jpg",2048,1641,true],"inspiro-featured-image":["https:\/\/locationvacancesdeauville.com\/wp-content\/uploads\/2024\/04\/20240401_115106-2000x1603.jpg",2000,1603,true],"inspiro-loop":["https:\/\/locationvacancesdeauville.com\/wp-content\/uploads\/2024\/04\/20240401_115106-950x320.jpg",950,320,true],"inspiro-loop@2x":["https:\/\/locationvacancesdeauville.com\/wp-content\/uploads\/2024\/04\/20240401_115106-1900x640.jpg",1900,640,true]},"uagb_author_info":{"display_name":"Xavier &amp; Joelle","author_link":"https:\/\/locationvacancesdeauville.com\/index.php\/author\/admin3036\/"},"uagb_comment_info":0,"uagb_excerpt":"A savoir : en notre absence, vous serez re\u00e7us par notre amie Michelle, qui saura vous accueillir avec gentillesse et bienveillance. Elle vous donnera toutes les fonctionnalit\u00e9s de la maison. Vous disposerez de l&rsquo;int\u00e9gralit\u00e9 de la maison. Je demande que soit scrupuleusement respect\u00e9, le nombre de personnes que vous avez indiqu\u00e9. Il arrive que des\u2026","_links":{"self":[{"href":"https:\/\/locationvacancesdeauville.com\/index.php\/wp-json\/wp\/v2\/pages\/347","targetHints":{"allow":["GET"]}}],"collection":[{"href":"https:\/\/locationvacancesdeauville.com\/index.php\/wp-json\/wp\/v2\/pages"}],"about":[{"href":"https:\/\/locationvacancesdeauville.com\/index.php\/wp-json\/wp\/v2\/types\/page"}],"author":[{"embeddable":true,"href":"https:\/\/locationvacancesdeauville.com\/index.php\/wp-json\/wp\/v2\/users\/1"}],"replies":[{"embeddable":true,"href":"https:\/\/locationvacancesdeauville.com\/index.php\/wp-json\/wp\/v2\/comments?post=347"}],"version-history":[{"count":7,"href":"https:\/\/locationvacancesdeauville.com\/index.php\/wp-json\/wp\/v2\/pages\/347\/revisions"}],"predecessor-version":[{"id":1629,"href":"https:\/\/locationvacancesdeauville.com\/index.php\/wp-json\/wp\/v2\/pages\/347\/revisions\/1629"}],"wp:featuredmedia":[{"embeddable":true,"href":"https:\/\/locationvacancesdeauville.com\/index.php\/wp-json\/wp\/v2\/media\/1620"}],"wp:attachment":[{"href":"https:\/\/locationvacancesdeauville.com\/index.php\/wp-json\/wp\/v2\/media?parent=347"}],"curies":[{"name":"wp","href":"https:\/\/api.w.org\/{rel}","templated":true}]}}